{"id":37,"date":"2023-10-30T12:22:33","date_gmt":"2023-10-30T12:22:33","guid":{"rendered":"https:\/\/elektro-domtech.de\/?page_id=37"},"modified":"2023-11-16T12:16:44","modified_gmt":"2023-11-16T12:16:44","slug":"leistungen","status":"publish","type":"page","link":"https:\/\/elektro-domtech.de\/?page_id=37","title":{"rendered":"Leistungen"},"content":{"rendered":"\n<p><\/p>\n\n\n\n<div class=\"wp-block-cover alignfull has-parallax\" style=\"min-height:100vh;aspect-ratio:unset;\"><span aria-hidden=\"true\" class=\"wp-block-cover__background has-background-dim-80 has-background-dim\" style=\"background-color:#000000\"><\/span><div class=\"wp-block-cover__image-background wp-image-495 has-parallax\" style=\"background-position:50% 50%;background-image:url(https:\/\/elektro-domtech.de\/wp-content\/uploads\/2023\/11\/pexels-josh-sorenson-1054397-scaled.jpg)\"><\/div><div class=\"wp-block-cover__inner-container is-layout-flow wp-block-cover-is-layout-flow\">\n<div class=\"wp-block-columns alignwide is-layout-flex wp-container-core-columns-is-layout-9d6595d7 wp-block-columns-is-layout-flex\">\n<div class=\"wp-block-column is-layout-flow wp-block-column-is-layout-flow\" style=\"flex-basis:60%\">\n<h5 class=\"wp-block-heading\">Brandmeldeanlagen<\/h5>\n\n\n\n<p>Um den heutigen Brandschutzanforderungen in modernen Geb\u00e4uden mit aufw\u00e4ndiger Architektur, komplexer Infrastruktur und Nutzung gerecht zu werden, wird die Brandschutztechnik, insbesondere die Installation einer Brandmeldeanlage, immer wichtiger. Die Brandmeldeanlage (kurz BMA) dient haupts\u00e4chlich dem Personen- und Sachschutz und ist aufgrund ihrer F\u00e4higkeit, einen Brand in einem sehr fr\u00fchen Stadium zu erkennen und diese Gefahrensituation zu signalisieren, eine der wichtigsten Komponenten einer Brandschutzanlage. Von uns kann die Installation und der Anschluss erfolgen.<\/p>\n\n\n\n<h5 class=\"wp-block-heading\">Sicherheitsbeleuchtung<\/h5>\n\n\n\n<p>Die Not- beziehungsweise Sicherheitsbeleuchtung ist eine Beleuchtung, die bei St\u00f6rung der Stromversorgung der allgemeinen elektrischen Beleuchtung wirksam wird oder bleibt. Wir bringen diese fachgerecht f\u00fcr sie an.<\/p>\n\n\n\n<h5 class=\"wp-block-heading\">Elektroakustische Anlagen<\/h5>\n\n\n\n<p>Die Sicherheit von Menschen, insbesondere bei gr\u00f6\u00dferen Menschenansammlungen, steht f\u00fcr Unternehmen und Beh\u00f6rden immer im Vordergrund. Um im Gefahrenfall schnell reagieren zu k\u00f6nnen, sind elektroakustische Anlagen im Einsatz, die mit der Rauch- und Brandmeldeanlage kombiniert werden k\u00f6nnen. Lassen Sie sich gerne von uns beraten!<\/p>\n\n\n\n<h5 class=\"wp-block-heading\">EDV Anlagen<\/h5>\n\n\n\n<p>EDV ist die Abk\u00fcrzung f\u00fcr elektronische Datenverarbeitung. Der weit gefasste Begriff umfasst im Wesentlichen die Erfassung, die Bearbeitung, den Transport, die Ausgabe und die Wiedergabe von Daten durch Software auf Hardware-Systemen. F\u00fcr die fachgerechte Verlegung der entsprechenden Leitungen sowie die Montage Ihrer EDV-Anlage ist f\u00fcr uns kein Problem.<\/p>\n\n\n\n<h5 class=\"wp-block-heading\">NSHV Anlagen<\/h5>\n\n\n\n<p>Die Hauptverteilung, auch Niederspannungshauptverteilung (NSHV) genannt, ist die erste Verteilung nach dem Transformator der Trafostation \u2013 in Energieflussrichtung gesehen \u2013 in einem Wohngebiet oder Industriebetrieb. Die Hauptverteilung befindet sich immer in unmittelbarer N\u00e4he der Trafostation oder selbst darin.<\/p>\n\n\n\n<h5 class=\"wp-block-heading\">Beleuchtungsanlagen und LED Beleuchtung<\/h5>\n\n\n\n<p>Beleuchtungsanlagen, die im Inneren von Geb\u00e4uden betrieben werden, z\u00e4hlen zur Innenbeleuchtung. Wichtige Anwendungsgebiete stellen dabei die Arbeitsst\u00e4ttenbeleuchtung und die Wohnraumbeleuchtung dar. Wir demontieren Bestandsbeleuchtung und bringen f\u00fcr Sie gerne neue individuelle Beleuchtungskonzepte nach Ihren W\u00fcnschen an.<\/p>\n\n\n\n<h5 class=\"wp-block-heading\">Photovoltaikanlagen<\/h5>\n\n\n\n<p>Mit Photovoltaikanlagen wird umweltfreundlicher Solarstrom produziert. Hierbei wird Sonnenlicht unter Ausnutzung des sogenannten photoelektrischen Effektes in Gleichstrom umgewandelt. Der Solarstrom wird bei netzgekoppelten Photovoltaikanlagen ins \u00f6ffentliche Stromnetz eingespeist. Die fachgerechte Montage Ihrer Photovoltaikanlage liegt bei uns in guten H\u00e4nden.<\/p>\n<\/div>\n\n\n\n<div class=\"wp-block-column is-layout-flow wp-block-column-is-layout-flow\">\n<h5 class=\"wp-block-heading\">Unterverteiler Montage<\/h5>\n\n\n\n<p>Bei den Unterverteilungen handelt es sich um die erste Verteilerstelle in einem Geb\u00e4ude. Sie befindet sich im Raum mit dem Hausanschluss und damit meistens im Keller. Wir verdrahten Ihren Verteiler komplett nach Ihren W\u00fcnschen.<\/p>\n\n\n\n<h5 class=\"wp-block-heading\">Reparatur oder Austauscharbeiten<\/h5>\n\n\n\n<p>Regelm\u00e4\u00dfige Pr\u00fcfungs-, Wartungs-, Reparatur- und Austauscharbeiten aufgrund von normalem Verschlei\u00df oder Unsachgem\u00e4\u00dfer Benutzung oder Missbrauch gew\u00e4hrleisten nicht nur Funktionalit\u00e4t sondern sorgen auch f\u00fcr Ihre Sicherheit. Wir finden Fehlerquellen und beheben diese f\u00fcr Sie.<\/p>\n\n\n\n<h5 class=\"wp-block-heading\">Kabelmontage und Verlegung<\/h5>\n\n\n\n<p>Das Verlegen von Kabeln im gewerblichen und industriellen als auch im privaten Bereich bedarf einer umfangreichen Expertise und absoluten Pr\u00e4zision. Bei uns erhalten Sie individuelle L\u00f6sungen, denn wir wissen, dass sich jedes Projekt vom anderen unterscheidet. Nach einer speziell auf Ihr Vorhaben zugeschnittenen Konzipierung auf Basis einer Vor-Ort-Begehung werden wir die Verlegearbeiten durchf\u00fchren.<\/p>\n\n\n\n<h5 class=\"wp-block-heading\">Umbauma\u00dfnahmen Elektrotechnik<\/h5>\n\n\n\n<p style=\"font-style:normal;font-weight:100\">Bei Umbau- und Sanierungsarbeiten spielt die passende Elektroinstallation eine wichtige Rolle. Sie muss den heutigen Sicherheitsstandards entsprechen und dar\u00fcber hinaus den Vorstellungen von einem modernen, vernetzten Zuhause gerecht werden.<\/p>\n\n\n\n<h5 class=\"wp-block-heading\">Kamera Anlagen<\/h5>\n\n\n\n<p style=\"font-style:normal;font-weight:400\">Der Einsatz von moderner Video\u00fcberwachungstechnik in Unternehmen aller Art (Produktion, Dienstleistung, Verwaltung) ist heute kosteng\u00fcnstiger und einfacher denn je: Die Technik \u2013 drahtlose Kameras, ggf. Aufzeichnungsger\u00e4te und Software \u2013 ist schnell installiert.<\/p>\n\n\n\n<p class=\"has-small-font-size\"><\/p>\n<\/div>\n<\/div>\n\n\n\n<p><\/p>\n<\/div><\/div>\n","protected":false},"excerpt":{"rendered":"","protected":false},"author":1,"featured_media":0,"parent":0,"menu_order":0,"comment_status":"closed","ping_status":"closed","template":"","meta":{"_monsterinsights_skip_tracking":false,"_monsterinsights_sitenote_active":false,"_monsterinsights_sitenote_note":"","_monsterinsights_sitenote_category":0,"_uf_show_specific_survey":0,"_uf_disable_surveys":false,"footnotes":""},"class_list":["post-37","page","type-page","status-publish","hentry"],"aioseo_notices":[],"_links":{"self":[{"href":"https:\/\/elektro-domtech.de\/index.php?rest_route=\/wp\/v2\/pages\/37","targetHints":{"allow":["GET"]}}],"collection":[{"href":"https:\/\/elektro-domtech.de\/index.php?rest_route=\/wp\/v2\/pages"}],"about":[{"href":"https:\/\/elektro-domtech.de\/index.php?rest_route=\/wp\/v2\/types\/page"}],"author":[{"embeddable":true,"href":"https:\/\/elektro-domtech.de\/index.php?rest_route=\/wp\/v2\/users\/1"}],"replies":[{"embeddable":true,"href":"https:\/\/elektro-domtech.de\/index.php?rest_route=%2Fwp%2Fv2%2Fcomments&post=37"}],"version-history":[{"count":10,"href":"https:\/\/elektro-domtech.de\/index.php?rest_route=\/wp\/v2\/pages\/37\/revisions"}],"predecessor-version":[{"id":515,"href":"https:\/\/elektro-domtech.de\/index.php?rest_route=\/wp\/v2\/pages\/37\/revisions\/515"}],"wp:attachment":[{"href":"https:\/\/elektro-domtech.de\/index.php?rest_route=%2Fwp%2Fv2%2Fmedia&parent=37"}],"curies":[{"name":"wp","href":"https:\/\/api.w.org\/{rel}","templated":true}]}}