{"id":40,"date":"2023-10-30T12:22:33","date_gmt":"2023-10-30T12:22:33","guid":{"rendered":"https:\/\/elektro-domtech.de\/?page_id=40"},"modified":"2023-12-19T10:58:49","modified_gmt":"2023-12-19T10:58:49","slug":"impressum","status":"publish","type":"page","link":"https:\/\/elektro-domtech.de\/?page_id=40","title":{"rendered":"Impressum"},"content":{"rendered":"\n<p><strong>Verantwortlich:<\/strong><\/p>\n\n\n\n<p>Elektrotechnik DomTech GmbH<\/p>\n\n\n\n<p>Auf der neuen Ahr 15<\/p>\n\n\n\n<p>52372 Kreuzau<\/p>\n\n\n\n<p>Gesch\u00e4ftsf\u00fchrerin: Anastasja Godeewa<\/p>\n\n\n\n<p><strong>Kontakt:<\/strong><\/p>\n\n\n\n<p>Betriebsleitung: Oleg Domnin<\/p>\n\n\n\n<p>Tel.: 02422-1809014<\/p>\n\n\n\n<p>E-Mail: info@elektro-domtech.de<\/p>\n\n\n\n<p><strong>Umsatzsteuer-ID:<\/strong><\/p>\n\n\n\n<p>Ust-Idnr.: DE335769778<\/p>\n\n\n\n<p><br>&nbsp;<strong>Online-Streitbeilegung<\/strong><\/p>\n\n\n\n<p>Die Europ\u00e4ische Kommission stellt unter&nbsp; <a target=\"_blank\" href=\"https:\/\/ec.europa.eu\/consumers\/odr\" rel=\"noreferrer noopener\"><strong>ec.europa.eu\/consumers\/odr\/<\/strong><\/a>&nbsp;eine Plattform zur Online-Streitbeilegung bereit, die Verbraucher f\u00fcr die Beilegung einer Streitigkeit nutzen k\u00f6nnen und auf der weitere Informationen zum Thema Streitschlichtung zu finden sind.Au\u00dfergerichtliche StreitbeilegungWir sind weder verpflichtet noch dazu bereit, im Falle einer Streitigkeit mit einem Verbraucher an einem Streitbeilegungsverfahren vor einer Verbraucherschlichtungsstelle teilzunehmen.<\/p>\n","protected":false},"excerpt":{"rendered":"<p>Verantwortlich: Elektrotechnik DomTech GmbH Auf der neuen Ahr 15 52372 Kreuzau Gesch\u00e4ftsf\u00fchrerin: Anastasja Godeewa Kontakt: Betriebsleitung: Oleg Domnin Tel.: 02422-1809014 E-Mail: info@elektro-domtech.de Umsatzsteuer-ID: Ust-Idnr.: DE335769778 &nbsp;Online-Streitbeilegung Die Europ\u00e4ische Kommission stellt unter&nbsp; ec.europa.eu\/consumers\/odr\/&nbsp;eine Plattform zur Online-Streitbeilegung bereit, die Verbraucher f\u00fcr die Beilegung einer Streitigkeit nutzen k\u00f6nnen und auf der weitere Informationen zum Thema Streitschlichtung zu finden [&hellip;]<\/p>\n","protected":false},"author":1,"featured_media":0,"parent":0,"menu_order":0,"comment_status":"closed","ping_status":"closed","template":"","meta":{"_monsterinsights_skip_tracking":false,"_monsterinsights_sitenote_active":false,"_monsterinsights_sitenote_note":"","_monsterinsights_sitenote_category":0,"_uf_show_specific_survey":0,"_uf_disable_surveys":false,"footnotes":""},"class_list":["post-40","page","type-page","status-publish","hentry"],"aioseo_notices":[],"_links":{"self":[{"href":"https:\/\/elektro-domtech.de\/index.php?rest_route=\/wp\/v2\/pages\/40","targetHints":{"allow":["GET"]}}],"collection":[{"href":"https:\/\/elektro-domtech.de\/index.php?rest_route=\/wp\/v2\/pages"}],"about":[{"href":"https:\/\/elektro-domtech.de\/index.php?rest_route=\/wp\/v2\/types\/page"}],"author":[{"embeddable":true,"href":"https:\/\/elektro-domtech.de\/index.php?rest_route=\/wp\/v2\/users\/1"}],"replies":[{"embeddable":true,"href":"https:\/\/elektro-domtech.de\/index.php?rest_route=%2Fwp%2Fv2%2Fcomments&post=40"}],"version-history":[{"count":2,"href":"https:\/\/elektro-domtech.de\/index.php?rest_route=\/wp\/v2\/pages\/40\/revisions"}],"predecessor-version":[{"id":58,"href":"https:\/\/elektro-domtech.de\/index.php?rest_route=\/wp\/v2\/pages\/40\/revisions\/58"}],"wp:attachment":[{"href":"https:\/\/elektro-domtech.de\/index.php?rest_route=%2Fwp%2Fv2%2Fmedia&parent=40"}],"curies":[{"name":"wp","href":"https:\/\/api.w.org\/{rel}","templated":true}]}}